{"id":8434,"date":"2019-12-10T16:38:26","date_gmt":"2019-12-10T15:38:26","guid":{"rendered":"http:\/\/www.gprtechparts.com\/politica-sulla-privacy\/"},"modified":"2020-03-19T14:14:42","modified_gmt":"2020-03-19T13:14:42","slug":"privacy-policy","status":"publish","type":"page","link":"https:\/\/www.gprtechparts.com\/en\/privacy-policy\/","title":{"rendered":"Privacy Policy"},"content":{"rendered":"<div class=\"wpb-content-wrapper\"><p>[vc_row][vc_column][vc_empty_space][vc_column_text]<\/p>\n<h2 style=\"text-align: center; font-size: 32px;\">INFORMATIVA PRIVACY CLIENTI<\/h2>\n<p>Gentile Cliente,<\/p>\n<p>in ottemperanza agli obblighi previsti dal Regolamento Europeo Privacy UE\/ 2016\/679(GDPR) e dal D.lgs. n.196 del 30 Giugno 2003 (Codice in materia di protezione dei dati personali) con la presente intendiamo informarLa che La G.P.R. Italia srl, con sede in Via Vecchia Chimica, 1820070 Riozzo di Cerro al Lambro (MI) \u2013 ITALIA, P.IVA 11011800155, in qualit\u00e0 di Titolare sottoporr\u00e0 a trattamento i dati personali che La riguardano e che ci sono stati o ci potranno venire, da Lei o da altri soggetti conferiti\/comunicati ne l corso del rapporto con la nostra struttura.<\/p>\n<p>Il trattamento dei dati, da Lei liberamente conferiti o in altro modo raccolti, sar\u00e0 effettuato nel rispetto delle norme privacy in vigore; improntato ai principi di correttezza, liceit\u00e0 e trasparenza e svolto nell\u02bcosservanza dei principi di pertinenza, completezza e non eccedenza.<\/p>\n<p>I dati saranno raccolti e registrati per le sole finalit\u00e0 di cui al punto 1) e saranno conservati per tali scopi per un periodo non superiore a 1 anno dalla loro raccolta.<\/p>\n<p>Pertanto, secondo quanto previsto dall&#8217;articolo 13) del Regolamento Europeo Privacy UE\/2016\/679 (GDPR) e del D.lgs.196\/03, La informiamo che:<\/p>\n<p><strong>1. I dati da Lei forniti verranno trattati per le seguenti finalit\u00e0:<\/strong><\/p>\n<ol>\n<li>Per il regolare svolgimento delle seguenti attivit\u00e0 istituzionali e\/o previste dall\u02bcoggetto sociale:<\/li>\n<li>Per esigenze relative alla stipula di contratti e incarichi, alla relativa esecuzione, alle successive modifiche o variazioni e per qualsiasi obbligazione prevista per l\u02bcadempimento degli stessi.<\/li>\n<li>Per esigenze di tipo operativo, organizzativo, gestionale, fiscale, finanziario, assicurativo e contabile relative al rapporto contrattuale e\/o precontrattuale instaurato.<\/li>\n<li>Per adempiere a qualunque tipo di obbligo previsto da leggi, regolamenti o normativa comunitaria.<\/li>\n<li>Per la registrazione, gestione e conservazione dei log di eventuali accessi al Sito Web aziendale, al Sistema Informativo Aziendale e alle sedi aziendali.<\/li>\n<li>Per esigenze di monitoraggio delle modalit\u00e0 di erogazione di prodotti\/ servizi, dell\u02bcandamento delle relazioni con i fornitori e dell\u02bcanalisi e della gestione dei rischi connessi al rapporto contrattuale.<\/li>\n<li>Per attivit\u00e0 di marketing tradizionale quali: invio di brochure, cataloghi e documentazione commerciale e\/o tecnica con posta cartacea e telefonate con operatore (previa acquisizione di Suo esplicito consenso).<\/li>\n<li>Per attivit\u00e0 di marketing con strumenti automatizzati o assimilati quali: Fax, E-mail, SMS, MMS, Istant Messaging, Chat e telefonate senza operatore (previa acquisizione di esplicito consenso da parte Sua);<\/li>\n<li>Per attivit\u00e0 di marketing on-line, web marketing e web advertising (previa acquisizione di Suo esplicito consenso).<\/li>\n<li>Per attivit\u00e0 di profilazione e\/o gestione di processi decisionali automatizzati (previa acquisizione di Suo esplicito consenso).<\/li>\n<\/ol>\n<p>In tal caso, Lei ha il diritto di non essere sottoposto a una decisione basata unicamente su un trattamento automatizzato e pertanto potr\u00e0 in qualsiasi momento richiedere e ottenere l&#8217;intervento umano da parte del Titolare del Trattamento, esprimere la propria opinione e contestare la decisione finale presa. La informiamo, inoltre, che il processo automatizzato sar\u00e0 basato su uno specifico algoritmo di calcolo, che permetter\u00e0 di prendere le seguenti decisioni che potranno avere effetti giuridici sulla Sua persona:<\/p>\n<p><strong>2. Il trattamento sar\u00e0 effettuato in maniera:<\/strong><\/p>\n<ul>\n<li>Interamente automatizzata Il trattamento potr\u00e0 consistere nelle seguenti operazioni:\n<ul>\n<li>Raccolta, registrazione, organizzazione e conservazione;<\/li>\n<li>Consultazione e utilizzo;<\/li>\n<li>Elaborazione, modificazione;<\/li>\n<li>selezione,estrazione,raffronto;<\/li>\n<li>Interconnessione;<\/li>\n<li>Trasmissione e comunicazione;<\/li>\n<li>diffusione;<\/li>\n<li>cancellazione e distruzione;<\/li>\n<li>blocco e limitazione.<\/li>\n<\/ul>\n<\/li>\n<\/ul>\n<p>Il trattamento sar\u00e0 effettuato sia con l\u02bcutilizzo di supporti cartacei che con l\u02bcausilio di strumenti elettronici, informatici e telematici idonei a garantire la sicurezza e la riservatezza dei dati stessi in conformit\u00e0 a quanto stabilito dall\u02bcart. 32) del Regolamento Europeo Privacy UE\/2016\/679 (GDPR) e dall\u02bcart. 31) del D.lgs.196\/03 in materia di \u201cidonee misure di sicurezza\u201d e dall\u02bcart.33) del D.lgs. 196\/03 in materia di \u201cmisure minime di sicurezza\u201d.<br \/>\nNello svolgimento delle operazioni di trattamento saranno, comunque, sempre adottate tutte le misure tecniche, informatiche, organizzative, logistiche e procedurali di sicurezza, come previste dall\u02bcAllegato B del D.lgs.196\/03, in modo che sia garantito il livello minimo di protezione dei dati previsto dalla legge. Le metodologie su menzionate, applicate per il trattamento, garantiranno l\u02bcaccesso ai dati ai soli soggetti specificati ai punti 4) e 5).<\/p>\n<p><strong>3. Il conferimento dei dati<\/strong><\/p>\n<ul>\n<li>obbligatorio e non necessita del Suo consenso per il raggiungimento di finalit\u00e0 connesse ad obblighi previsti da leggi, regolamenti o normative comunitarie;<\/li>\n<li>indispensabile e non necessita del suo consenso per tutti i dati personali imprescindibili per una corretta instaurazione, gestione e prosecuzione del rapporto commerciale e\/o contrattuale;<\/li>\n<li>indispensabile e non necessita del Suo consenso per la salvaguardia degli interessi vitali di una persona fisica;<\/li>\n<li>indispensabile e non necessita del Suo consenso per l&#8217;esecuzione di compiti di interesse pubblico o esercizio di pubblici poteri di cui siamo stati investiti;<\/li>\n<li>indispensabile e non necessita del Suo consenso per il perseguimento dei seguenti legittimi interessi aziendali o di soggetti terzi;<\/li>\n<li>facoltativo e necessita del Suo esplicito consenso per tutti i dati personali raccolti per finalit\u00e0 non direttamente e\/o indirettamente connesse ad obblighi contrattuali, precontrattuali, di legge, di salvaguardia di interessi vitali, di svolgimento di compiti pubblici, di esercizio di pubblici poteri o di perseguimento di legittimi interessi.<\/li>\n<\/ul>\n<p>Un eventuale rifiuto, seppur legittimo, a fornire in tutto o in parte i dati di cui sopra, potrebbe compromettere il regolare svolgimento del rapporto con la nostra struttura ed in particolare, per i dati personali su definiti come obbligatori e indispensabili, potrebbe comportare l\u02bcimpossibilit\u00e0 da parte nostra di effettuare il normale svolgimento delle operazioni aziendali e la regolare erogazione dei prodotti\/servizi richiesti.<\/p>\n<p><strong>4. I soggetti o le categorie di soggetti che potranno venire conoscenza<br \/>\ndei dati o a cui potranno essere comunicati i dati sono i seguenti:<\/strong><\/p>\n<ul>\n<li>Rappresentante Legale del Titolare del Trattamento: in nome dell\u02bcamministratore pro-tempore;<\/li>\n<\/ul>\n<p>I dati personali potranno essere, altres\u00ec diffusi, ma solo in forma aggregata, anonima e per finalit\u00e0 statistiche.<\/p>\n<p><strong>5. Qualora il trattamento potesse riguardare anche dati personali rientranti nel novero dei dati &#8220;sensibili&#8221; (vale a dire dati idonei a rivelare l&#8217;origine razziale ed etnica, le convinzioni religiose, filosofiche o di altro genere, le opinioni politiche, l&#8217;adesione a partiti, sindacati, associazioni o organizzazioni a carattere religioso, filosofico, politico o sindacale, nonch\u00e9 i dati personali idonei a rivelare lo stato di salute e la vita sessuale) o \u201cgiudiziari\u201d (vale a dire dati idonei a rivelare provvedimenti in materia di casellario giudiziale, di anagrafe delle sanzioni amministrative dipendenti da reato e dei relativi carichi pendenti o la qualit\u00e0 di imputato o di indagato) il trattamento sar\u00e0 effettuato nei limiti indicati dalle Autorizzazioni Generali del Garante Privacy, secondo le modalit\u00e0 previste dal D.lgs.196\/03 e per le finalit\u00e0 strettamente necessarie al regolare svolgimento dell\u02bcattivit\u00e0 aziendale, delle operazioni relative all\u02bcerogazione di prodotti\/servizi e all\u02bcadempimento di obblighi contrattuali e\/o di legge\/<br \/>\nregolamento.<\/strong><\/p>\n<p>In tal caso i soggetti o le categorie di soggetti che potranno venire a conoscenza dei dati sensibili o a cui potranno essere comunicati i dati sono i seguenti:<\/p>\n<ul>\n<li>Rappresentante Legale del Titolare del Trattamento: in nome dell\u02bcamministratore pro-tempore;<\/li>\n<li>Incaricati del trattamento:\n<ul>\n<li>Direzione;<\/li>\n<li>Amministrazione e finanza;<\/li>\n<\/ul>\n<\/li>\n<\/ul>\n<p><strong>6. I dati personali potranno, inoltre, essere comunicati a Enti Pubblici, Forze di Polizia o altri Soggetti Pubblici e Privati, ma esclusivamente al fine di adempiere ad obblighi di legge, regolamento o normativa comunitaria.<br \/>\nI dati in questione non saranno comunicati ad altri soggetti oltre a quelli previsti nella presente informativa e i dati idonei a rivelare lo stato di salute dell&#8217;interessato non saranno comunque in alcun caso diffusi.<\/strong><\/p>\n<p><strong><br \/>\n<strong>7. I dati trattati potranno essere trattati e trasferiti, per le finalit\u00e0 di cui al punto 1) e secondo le modalit\u00e0 di cui al punto2), anche a soggetti di cui ai punti 4) e 5) stanziati nei paesi presenti nel territorio dell\u02bcUnione Europea.<br \/>\nSulla base di uno dei seguenti presupposti:<\/strong><\/strong><\/p>\n<ul>\n<li>Decisione di Adeguatezza della Commissione Europea;<\/li>\n<li>Adeguate Garanzie Privacy;<\/li>\n<li>Autorizzazione dell\u02bcAutorit\u00e0 Garante Privacy.<\/li>\n<\/ul>\n<p><strong>8. Base giuridica del trattamento<\/strong><br \/>\nIl Titolare tratta Dati Personali relativi all\u02bcUtente in caso sussista una delle seguenti condizioni:<\/p>\n<ul>\n<li>l\u02bcUtente ha prestato il consenso per una o pi\u00f9 finalit\u00e0 specifiche; Nota: in alcuni ordinamenti il Titolare pu\u00f2 essere autorizzato a trattare Dati Personali senza che debba sussistere il consenso dell\u02bcUtente o un\u02bcaltra delle basi giuridiche specificate di seguito, fino a quando l\u02bcUtente non si opponga (\u201coptout\u201d) a tale trattamento. Ci\u00f2 non \u00e8 tuttavia applicabile qualora il trattamento di Dati Personali sia regolato dalla legislazione europea in materia di protezione dei Dati Personali;<\/li>\n<li>il trattamento \u00e8 necessario all\u02bcesecuzione di un contratto con l\u02bcUtente e\/o all\u02bcesecuzione di misure precontrattuali;<\/li>\n<li>il trattamento \u00e8 necessario per adempiere un obbligo legale al quale \u00e8 soggetto il Titolare;<\/li>\n<li>il trattamento \u00e8 necessario per l\u02bcesecuzione di un compito di interesse pubblico o per l\u02bcesercizio di pubblici poteri di cui \u00e8 investito il Titolare;<\/li>\n<li>il trattamento \u00e8 necessario per il perseguimento del legittimo interesse del Titolare o di terzi.<\/li>\n<\/ul>\n<p><strong>9. In ogni caso Lei potr\u00e0 sempre richiedere in qualsiasi momento al<\/strong><\/p>\n<ul>\n<li>Rappresentante Legale del Titolare del trattamento in nome dell\u02bcamministratore pro-tempore o alla e.mail <a href=\"mailto:support@gpr.it\">support@gpr.it<\/a><\/li>\n<\/ul>\n<p>Copia dei Suoi dati personali, informazioni in merito alla localit\u00e0 in cui i Suoi dati personali sono trattati e un elenco aggiornato con gli estremi identificativi di tutti i Responsabili del Trattamento e degli Amministratori di Sistema autorizzati al trattamento dei Suoi dati.<\/p>\n<p><strong>10. In ogni momento, potr\u00e0 liberamente revocare il consenso prestato, senza alcun onere e pregiudizio per la liceit\u00e0 dei trattamenti fino a quel momento svolti, ed esercitare i seguenti diritti dell\u02bcinteressato nei confronti del Titolare del Trattamento cos\u00ec come previsti dal Regolamento Europeo Privacy UE\/2016\/679 e dal D.lgs.196\/03:<\/strong><br \/>\nAccesso;<\/p>\n<ul>\n<li>Rettifica;<\/li>\n<li>Cancellazione;<\/li>\n<li>Limitazione;<\/li>\n<li>Opposizione;<\/li>\n<li>Portabilit\u00e0;<\/li>\n<\/ul>\n<p>Reclamo al Garante Privacy[\/vc_column_text][\/vc_column][\/vc_row][vc_row][vc_column][\/vc_column][\/vc_row]<\/p>\n<\/div>","protected":false},"excerpt":{"rendered":"<p>[vc_row][vc_column][vc_empty_space][vc_column_text] INFORMATIVA PRIVACY CLIENTI Gentile Cliente, in ottemperanza agli obblighi previsti dal Regolamento Europeo Privacy UE\/ 2016\/679(GDPR) e dal D.lgs. n.196 del 30 Giugno 2003&#8230;<\/p>\n","protected":false},"author":1003,"featured_media":0,"parent":0,"menu_order":0,"comment_status":"closed","ping_status":"closed","template":"","meta":{"inline_featured_image":false,"footnotes":"","_joinchat":[]},"acf":[],"yoast_head":"<!-- This site is optimized with the Yoast SEO plugin v21.7 - https:\/\/yoast.com\/wordpress\/plugins\/seo\/ -->\n<title>Privacy Policy - GPR \u03c3\u03c3 Born to Run\u2122 \u03c3\u03c3 Made in Italy<\/title>\n<meta name=\"robots\" content=\"index, follow, max-snippet:-1, max-image-preview:large, max-video-preview:-1\" \/>\n<link rel=\"canonical\" href=\"https:\/\/www.gprtechparts.com\/en\/privacy-policy\/\" \/>\n<meta property=\"og:locale\" content=\"en_US\" \/>\n<meta property=\"og:type\" content=\"article\" \/>\n<meta property=\"og:title\" content=\"Privacy Policy - GPR \u03c3\u03c3 Born to Run\u2122 \u03c3\u03c3 Made in Italy\" \/>\n<meta property=\"og:description\" content=\"[vc_row][vc_column][vc_empty_space][vc_column_text] INFORMATIVA PRIVACY CLIENTI Gentile Cliente, in ottemperanza agli obblighi previsti dal Regolamento Europeo Privacy UE\/ 2016\/679(GDPR) e dal D.lgs. n.196 del 30 Giugno 2003...\" \/>\n<meta property=\"og:url\" content=\"https:\/\/www.gprtechparts.com\/en\/privacy-policy\/\" \/>\n<meta property=\"og:site_name\" content=\"GPR \u03c3\u03c3 Born to Run\u2122 \u03c3\u03c3 Made in Italy\" \/>\n<meta property=\"article:publisher\" content=\"https:\/\/www.facebook.com\/gprexhaustsystems\/\" \/>\n<meta property=\"article:modified_time\" content=\"2020-03-19T13:14:42+00:00\" \/>\n<meta name=\"twitter:card\" content=\"summary_large_image\" \/>\n<meta name=\"twitter:site\" content=\"@gprsilencers\" \/>\n<meta name=\"twitter:label1\" content=\"Est. reading time\" \/>\n\t<meta name=\"twitter:data1\" content=\"8 minutes\" \/>\n<script type=\"application\/ld+json\" class=\"yoast-schema-graph\">{\"@context\":\"https:\/\/schema.org\",\"@graph\":[{\"@type\":\"WebPage\",\"@id\":\"https:\/\/www.gprtechparts.com\/en\/privacy-policy\/\",\"url\":\"https:\/\/www.gprtechparts.com\/en\/privacy-policy\/\",\"name\":\"Privacy Policy - GPR \u03c3\u03c3 Born to Run\u2122 \u03c3\u03c3 Made in Italy\",\"isPartOf\":{\"@id\":\"https:\/\/www.gprtechparts.com\/#website\"},\"datePublished\":\"2019-12-10T15:38:26+00:00\",\"dateModified\":\"2020-03-19T13:14:42+00:00\",\"breadcrumb\":{\"@id\":\"https:\/\/www.gprtechparts.com\/en\/privacy-policy\/#breadcrumb\"},\"inLanguage\":\"en-US\",\"potentialAction\":[{\"@type\":\"ReadAction\",\"target\":[\"https:\/\/www.gprtechparts.com\/en\/privacy-policy\/\"]}]},{\"@type\":\"BreadcrumbList\",\"@id\":\"https:\/\/www.gprtechparts.com\/en\/privacy-policy\/#breadcrumb\",\"itemListElement\":[{\"@type\":\"ListItem\",\"position\":1,\"name\":\"Home\",\"item\":\"https:\/\/www.gprtechparts.com\/en\/\"},{\"@type\":\"ListItem\",\"position\":2,\"name\":\"Privacy Policy\"}]},{\"@type\":\"WebSite\",\"@id\":\"https:\/\/www.gprtechparts.com\/#website\",\"url\":\"https:\/\/www.gprtechparts.com\/\",\"name\":\"GPR \u03c3\u03c3 Born to Run\u2122 \u03c3\u03c3 Made in Italy\",\"description\":\"Born to Run\",\"potentialAction\":[{\"@type\":\"SearchAction\",\"target\":{\"@type\":\"EntryPoint\",\"urlTemplate\":\"https:\/\/www.gprtechparts.com\/?s={search_term_string}\"},\"query-input\":\"required name=search_term_string\"}],\"inLanguage\":\"en-US\"}]}<\/script>\n<!-- \/ Yoast SEO plugin. -->","yoast_head_json":{"title":"Privacy Policy - GPR \u03c3\u03c3 Born to Run\u2122 \u03c3\u03c3 Made in Italy","robots":{"index":"index","follow":"follow","max-snippet":"max-snippet:-1","max-image-preview":"max-image-preview:large","max-video-preview":"max-video-preview:-1"},"canonical":"https:\/\/www.gprtechparts.com\/en\/privacy-policy\/","og_locale":"en_US","og_type":"article","og_title":"Privacy Policy - GPR \u03c3\u03c3 Born to Run\u2122 \u03c3\u03c3 Made in Italy","og_description":"[vc_row][vc_column][vc_empty_space][vc_column_text] INFORMATIVA PRIVACY CLIENTI Gentile Cliente, in ottemperanza agli obblighi previsti dal Regolamento Europeo Privacy UE\/ 2016\/679(GDPR) e dal D.lgs. n.196 del 30 Giugno 2003...","og_url":"https:\/\/www.gprtechparts.com\/en\/privacy-policy\/","og_site_name":"GPR \u03c3\u03c3 Born to Run\u2122 \u03c3\u03c3 Made in Italy","article_publisher":"https:\/\/www.facebook.com\/gprexhaustsystems\/","article_modified_time":"2020-03-19T13:14:42+00:00","twitter_card":"summary_large_image","twitter_site":"@gprsilencers","twitter_misc":{"Est. reading time":"8 minutes"},"schema":{"@context":"https:\/\/schema.org","@graph":[{"@type":"WebPage","@id":"https:\/\/www.gprtechparts.com\/en\/privacy-policy\/","url":"https:\/\/www.gprtechparts.com\/en\/privacy-policy\/","name":"Privacy Policy - GPR \u03c3\u03c3 Born to Run\u2122 \u03c3\u03c3 Made in Italy","isPartOf":{"@id":"https:\/\/www.gprtechparts.com\/#website"},"datePublished":"2019-12-10T15:38:26+00:00","dateModified":"2020-03-19T13:14:42+00:00","breadcrumb":{"@id":"https:\/\/www.gprtechparts.com\/en\/privacy-policy\/#breadcrumb"},"inLanguage":"en-US","potentialAction":[{"@type":"ReadAction","target":["https:\/\/www.gprtechparts.com\/en\/privacy-policy\/"]}]},{"@type":"BreadcrumbList","@id":"https:\/\/www.gprtechparts.com\/en\/privacy-policy\/#breadcrumb","itemListElement":[{"@type":"ListItem","position":1,"name":"Home","item":"https:\/\/www.gprtechparts.com\/en\/"},{"@type":"ListItem","position":2,"name":"Privacy Policy"}]},{"@type":"WebSite","@id":"https:\/\/www.gprtechparts.com\/#website","url":"https:\/\/www.gprtechparts.com\/","name":"GPR \u03c3\u03c3 Born to Run\u2122 \u03c3\u03c3 Made in Italy","description":"Born to Run","potentialAction":[{"@type":"SearchAction","target":{"@type":"EntryPoint","urlTemplate":"https:\/\/www.gprtechparts.com\/?s={search_term_string}"},"query-input":"required name=search_term_string"}],"inLanguage":"en-US"}]}},"_links":{"self":[{"href":"https:\/\/www.gprtechparts.com\/en\/wp-json\/wp\/v2\/pages\/8434"}],"collection":[{"href":"https:\/\/www.gprtechparts.com\/en\/wp-json\/wp\/v2\/pages"}],"about":[{"href":"https:\/\/www.gprtechparts.com\/en\/wp-json\/wp\/v2\/types\/page"}],"author":[{"embeddable":true,"href":"https:\/\/www.gprtechparts.com\/en\/wp-json\/wp\/v2\/users\/1003"}],"replies":[{"embeddable":true,"href":"https:\/\/www.gprtechparts.com\/en\/wp-json\/wp\/v2\/comments?post=8434"}],"version-history":[{"count":0,"href":"https:\/\/www.gprtechparts.com\/en\/wp-json\/wp\/v2\/pages\/8434\/revisions"}],"wp:attachment":[{"href":"https:\/\/www.gprtechparts.com\/en\/wp-json\/wp\/v2\/media?parent=8434"}],"curies":[{"name":"wp","href":"https:\/\/api.w.org\/{rel}","templated":true}]}}